{"id":11,"date":"2021-12-03T11:09:39","date_gmt":"2021-12-03T10:09:39","guid":{"rendered":"https:\/\/buildbackbetter.joanneum.at\/?page_id=2"},"modified":"2025-07-17T15:10:10","modified_gmt":"2025-07-17T13:10:10","slug":"publications","status":"publish","type":"page","link":"https:\/\/biodiverciti.joanneum.at\/de\/publications\/","title":{"rendered":"Publikationen"},"content":{"rendered":"<p>BIODIVERCITI ist <a href=\"https:\/\/www.citizen-science.at\/en\/projects\/biodiverciti-en\">aufgef\u00fchrt <\/a>auf der \u00f6sterreichischen Citizen Science Plattform <a href=\"https:\/\/www.citizen-science.at\/\">\u00d6sterreich forscht<\/a>.<\/p>\n\n\n\n<p>Seebauer, S., Janisch, J., Trcka-Rojas, C., Ellmer, HP, Dreisiebner-Lanz, S., Gugerell, K., Thaler, T., Neuwirth, G. (2025). BIODIVERCITI \u2013 Eine Citizen-Science-Intervention f\u00fcr Biodiversit\u00e4t und Klimaschutz in privaten G\u00e4rten. <a href=\"https:\/\/biodiversitaetstage.boku.ac.at\/\">Tage der Biodiversit\u00e4t 2025<\/a>, 26.-28. Feb. 2025, Wien.<\/p>\n\n\n\n<p>Seebauer, S., Ellmer, HP, Janisch, J., Trcka-Rojas, C., Dreisiebner-Lanz, S., Gugerell, K., Thaler, T., Neuwirth, G. (2025). B\u00fcrgerengagement f\u00fcr Biodiversit\u00e4t und Klimaschutz im eigenen Garten. <a href=\"https:\/\/www.icep2025.com\/\">Internationale Konferenz zur Umweltpsychologie<\/a>, 15.-18. Juni 2025, Vilnius<\/p>\n\n\n\n<p><a href=\"https:\/\/biodiverciti.joanneum.at\/wp-content\/uploads\/2025\/04\/BIODIVERCITI-PublizierbarerZwischenbericht0.pdf\">Zwischenbericht<\/a> zum \u00d6sterreichischen Klima- und Energiefonds<\/p>\n\n\n\n<p>Weitere Ver\u00f6ffentlichungen werden hier hinzugef\u00fcgt, sobald sie w\u00e4hrend des Projekts entstehen.<\/p>","protected":false},"excerpt":{"rendered":"<p>BIODIVERCITI ist auf der \u00f6sterreichischen Citizen Science Plattform \u00d6sterreich forscht gelistet. Seebauer, S., Janisch, J., Trcka-Rojas, C., Ellmer, HP, Dreisiebner-Lanz, S., Gugerell, K., Thaler, T., [\u2026]<\/p>","protected":false},"author":1,"featured_media":0,"parent":0,"menu_order":0,"comment_status":"closed","ping_status":"closed","template":"","meta":{"footnotes":""},"class_list":["post-11","page","type-page","status-publish","hentry"],"_links":{"self":[{"href":"https:\/\/biodiverciti.joanneum.at\/de\/wp-json\/wp\/v2\/pages\/11","targetHints":{"allow":["GET"]}}],"collection":[{"href":"https:\/\/biodiverciti.joanneum.at\/de\/wp-json\/wp\/v2\/pages"}],"about":[{"href":"https:\/\/biodiverciti.joanneum.at\/de\/wp-json\/wp\/v2\/types\/page"}],"author":[{"embeddable":true,"href":"https:\/\/biodiverciti.joanneum.at\/de\/wp-json\/wp\/v2\/users\/1"}],"replies":[{"embeddable":true,"href":"https:\/\/biodiverciti.joanneum.at\/de\/wp-json\/wp\/v2\/comments?post=11"}],"version-history":[{"count":0,"href":"https:\/\/biodiverciti.joanneum.at\/de\/wp-json\/wp\/v2\/pages\/11\/revisions"}],"wp:attachment":[{"href":"https:\/\/biodiverciti.joanneum.at\/de\/wp-json\/wp\/v2\/media?parent=11"}],"curies":[{"name":"wp","href":"https:\/\/api.w.org\/{rel}","templated":true}]}}