{"id":13,"date":"2021-12-14T10:34:40","date_gmt":"2021-12-14T09:34:40","guid":{"rendered":"https:\/\/buildbackbetter.joanneum.at\/?page_id=10"},"modified":"2025-07-17T15:46:26","modified_gmt":"2025-07-17T13:46:26","slug":"home","status":"publish","type":"page","link":"https:\/\/biodiverciti.joanneum.at\/de\/","title":{"rendered":"Gemeinsam G\u00e4rten f\u00fcr Klima und Artenvielfalt gestalten"},"content":{"rendered":"<p>Der Verlust von Artenvielfalt wird als die n\u00e4chste gro\u00dfe globale Krise beurteilt, <strong>die n\u00e4chste gro\u00dfe globale Krise<\/strong>, die sogar die COVID-19-Pandemie und den Klimawandel \u00fcberschattet. Biodiversit\u00e4tsverlust und Klimawandel sind eng miteinander verkn\u00fcpft und verst\u00e4rken sich gegenseitig. Viele Menschen nehmen jedoch sowohl den Biodiversit\u00e4tsverlust als auch den Klimawandel <strong>als abstrakte und psychologisch entfernte Bedrohungen wahr<\/strong>. B\u00fcrger und Landwirte haben m\u00f6glicherweise Schwierigkeiten, diese globalen Krisen in unmittelbare Probleme zu \u00fcbersetzen, die sie im Hinblick auf ihren lokalen Lebensunterhalt erkennen und auf die sie reagieren k\u00f6nnen.<\/p>\n\n\n\n<p>BIODIVERCITI <strong>engagiert B\u00fcrger und Landwirte<\/strong> \u00fcber den Zusammenhang zwischen Biodiversit\u00e4tsverlust und Klimawandel und die Rolle, die sie pers\u00f6nlich in diesen Krisen spielen, in einer vertrauten Umgebung \u2013 ihrem eigenen Garten und Ackerland \u2013 nachzudenken. Das Projekt analysiert <strong>wie \u00dcberzeugungen und Verhaltensweisen \u00fcbertragen werden k\u00f6nnen<\/strong> von der Biodiversit\u00e4t bis zum Klimaschutz, um Denkweisen und Praktiken zu ver\u00e4ndern.<\/p>\n\n\n\n<h2 class=\"wp-block-heading\">Worum geht es bei BIODIVERCITI?<\/h2>\n\n\n\n<p><em>BIODIVERCITI <\/em>Das Projekt zielt darauf ab, diese Wahrnehmungs\u00fccke zu schlie\u00dfen und darauf aufmerksam zu machen, wie das Engagement f\u00fcr Biodiversit\u00e4t genutzt werden kann, um gleichzeitig das Engagement f\u00fcr den Klimaschutz zu f\u00f6rdern. Dabei verfolgt das Projekt vier Forschungsfragen:<\/p>\n\n\n\n<ul class=\"wp-block-list\">\n<li>Welche Verbesserungen der Biodiversit\u00e4tsindikatoren k\u00f6nnen erreicht werden?<\/li>\n\n\n\n<li>Wie ver\u00e4ndern sich die individuellen \u00dcberzeugungen zum Klimaschutz und seiner Wirksamkeit?<\/li>\n\n\n\n<li>Wie k\u00f6nnen B\u00fcrger und Landwirte zusammenarbeiten, um den Verlust der biologischen Vielfalt und den Klimawandel zu bek\u00e4mpfen?<\/li>\n\n\n\n<li>Wie k\u00f6nnen G\u00e4rten und Ackerland verbindende Elemente in Lebensr\u00e4umen darstellen?<\/li>\n<\/ul>\n\n\n\n<p>Ein weiteres Ziel ist es, verschiedene Interessengruppen einzubeziehen und ein Citizen-Science-Projekt zu werden. Der Prozess bezieht B\u00fcrger und Landwirte sowie ihre jeweiligen G\u00e4rten und Ackerfl\u00e4chen \u00fcber den Zeitraum von zwei Vegetationsperioden ein und beobachtet sie. Die B\u00fcrger und Landwirte erhalten pers\u00f6nliche Beratung zur F\u00f6rderung der Biodiversit\u00e4t, beobachten ihre G\u00e4rten\/Ackerfl\u00e4chen und es wird bewertet, wie sich ihre Einstellungen und \u00dcberzeugungen \u00e4ndern. Jeder teilnehmende B\u00fcrger wird unterst\u00fctzt und in den f\u00fcr seinen Garten geeigneten biodiversit\u00e4tsf\u00f6rdernden Elementen und Techniken geschult, erf\u00e4hrt, welche Arten davon profitieren k\u00f6nnten und wie diese Arten identifiziert und \u00fcberwacht werden k\u00f6nnen. Die Landwirte werden nach ihrer Teilnahme am \u00f6sterreichischen Agrarumweltprogramm \u00d6PUL und der erg\u00e4nzenden Zertifizierung f\u00fcr biologischen Landbau gruppiert. Diese Interventionen werden in einem Vorher-Nachher-Design evaluiert, indem die Teilnehmer (1) hinsichtlich ihres Kenntnisstands von Garten- und Landwirtschaftstechniken und (2) hinsichtlich ihrer grundlegenden Biodiversit\u00e4ts- und Klimaaktivit\u00e4ten und -\u00fcberzeugungen vor der Intervention verglichen werden.<\/p>\n\n\n\n<p><em>BIODIVERCITI <\/em>soll als Demonstrationsprojekt dienen, um B\u00fcrger und Landwirte in ganz \u00d6sterreich f\u00fcr die gemeinsame Bek\u00e4mpfung des Biodiversit\u00e4tsverlusts und des Klimawandels zu gewinnen. Das Projekt entwickelt Empfehlungen f\u00fcr Nachhaltigkeits-NGOs, Gartenbauverb\u00e4nde, Landwirtschaftskammern usw., wie sie ihre Aktivit\u00e4ten zum Erhalt der Biodiversit\u00e4t und zum Klimaschutz besser aufeinander abstimmen k\u00f6nnen. Dabei <em>BIODIVERCITI <\/em>Ziel ist es, verst\u00e4rkte und beschleunigte Ma\u00dfnahmen auf lokaler und individueller Ebene zu f\u00f6rdern und die Bem\u00fchungen zur Bek\u00e4mpfung des Biodiversit\u00e4tsverlusts und des Klimawandels zu b\u00fcndeln. Die Ergebnisse des Projekts werden f\u00fcr politische Entscheidungstr\u00e4ger, die Wissenschaft, die teilnehmenden B\u00fcrger und Landwirte sowie zivilgesellschaftliche Organisationen von Nutzen sein.<\/p>","protected":false},"excerpt":{"rendered":"<p>Der Verlust der biologischen Vielfalt gilt als die n\u00e4chste gro\u00dfe globale Krise und stellt die COVID-19-Pandemie und den Klimawandel in den Schatten. Biodiversit\u00e4tsverlust und Klimawandel sind miteinander verkn\u00fcpft und bedingen sich gegenseitig [\u2026]<\/p>","protected":false},"author":1,"featured_media":0,"parent":0,"menu_order":0,"comment_status":"closed","ping_status":"closed","template":"","meta":{"footnotes":""},"class_list":["post-13","page","type-page","status-publish","hentry"],"_links":{"self":[{"href":"https:\/\/biodiverciti.joanneum.at\/de\/wp-json\/wp\/v2\/pages\/13","targetHints":{"allow":["GET"]}}],"collection":[{"href":"https:\/\/biodiverciti.joanneum.at\/de\/wp-json\/wp\/v2\/pages"}],"about":[{"href":"https:\/\/biodiverciti.joanneum.at\/de\/wp-json\/wp\/v2\/types\/page"}],"author":[{"embeddable":true,"href":"https:\/\/biodiverciti.joanneum.at\/de\/wp-json\/wp\/v2\/users\/1"}],"replies":[{"embeddable":true,"href":"https:\/\/biodiverciti.joanneum.at\/de\/wp-json\/wp\/v2\/comments?post=13"}],"version-history":[{"count":0,"href":"https:\/\/biodiverciti.joanneum.at\/de\/wp-json\/wp\/v2\/pages\/13\/revisions"}],"wp:attachment":[{"href":"https:\/\/biodiverciti.joanneum.at\/de\/wp-json\/wp\/v2\/media?parent=13"}],"curies":[{"name":"wp","href":"https:\/\/api.w.org\/{rel}","templated":true}]}}