{"id":155,"date":"2025-04-17T11:12:37","date_gmt":"2025-04-17T09:12:37","guid":{"rendered":"https:\/\/biodiverciti.joanneum.at\/?page_id=155"},"modified":"2025-07-18T08:39:03","modified_gmt":"2025-07-18T06:39:03","slug":"mitmachen","status":"publish","type":"page","link":"https:\/\/biodiverciti.joanneum.at\/de\/mitmachen\/","title":{"rendered":"Mitmachen und Citizen Scientist werden"},"content":{"rendered":"<p>Gestalten Sie die Zukunft der Biodiversit\u00e4t mit \u2013 direkt aus Ihrem eigenen Garten!<br><strong>BIODIVERCITI<\/strong> ist ein mehrj\u00e4hriges Citizen-Science-Projekt, das erforscht, wie private G\u00e4rten die Artenvielfalt und das Klima sch\u00fctzen k\u00f6nnen. Durch die Beobachtung ausgew\u00e4hlter Arten, die Anwendung naturfreundlicher Gartenpraktiken und die Reflexion Ihres Umweltbewusstseins tragen Sie zu echter wissenschaftlicher Forschung bei.<\/p>\n\n\n\n<p>Im Mittelpunkt des Projekts steht die Kombination aus wissenschaftlicher Forschung und praktischen Ma\u00dfnahmen. Dazu geh\u00f6ren:<\/p>\n\n\n\n<ul class=\"wp-block-list\">\n<li><strong>Beobachtung und Meldung sogenannter Bioindikatorarten<\/strong>, wie Tagpfauenauge, Wollbiene, Buntspecht, Grasfrosch oder Igel, \u00fcber die Plattform <a class=\"\" href=\"https:\/\/www.naturbeobachtung.at\">naturbeobachtung.at<\/a>. Ziel ist es, sowohl h\u00e4ufige als auch seltene Arten in Gartenumgebungen sichtbar zu machen.<\/li>\n\n\n\n<li><strong>Individuelle Unterst\u00fctzung bei der Gestaltung eines naturfreundlicheren Gartens<\/strong>, zum Beispiel durch Informationsbl\u00e4tter mit konkreten Ma\u00dfnahmen zur F\u00f6rderung der Biodiversit\u00e4t.<\/li>\n\n\n\n<li><strong>Webinare und Online-Seminare<\/strong> zu Themen wie heimischen Geh\u00f6lzen, der Anlage von Blumenwiesen, Gartenteichen oder Trockenbiotopen. Diese Angebote sind optional, vermitteln aber praktische Inspiration und Hintergrundwissen.<\/li>\n\n\n\n<li><strong>Interaktion mit anderen Teilnehmern und dem Projektteam<\/strong> durch Netzwerktreffen, Online-Events und gemeinsame Hospitationsaktivit\u00e4ten.<\/li>\n\n\n\n<li><strong>Regelm\u00e4\u00dfige Online-Frageb\u00f6gen<\/strong> die Informationen zur Gartennutzung, zur Einstellung zur Natur, zum Wissen \u00fcber die Artenvielfalt und zu Ver\u00e4nderungen im Laufe der Zeit sammeln.<\/li>\n<\/ul>\n\n\n\n<p>Die Teilnahme ist <strong>frei und flexibel<\/strong>. Sie entscheiden, wie aktiv Sie sich einbringen m\u00f6chten \u2013 jede Beobachtung und jedes Feedback ist wertvoll.<\/p>\n\n\n\n<div class=\"wp-block-group is-content-justification-center\" style=\"text-align: center;\"><div class=\"wp-block-group__inner-container is-layout-constrained wp-block-group-is-layout-constrained\">\n  \n  \n  <p><strong>Als Citizen Scientist registrieren<\/strong><\/p>\n  \n\n  \n  <div class=\"wp-block-buttons is-layout-flex wp-block-buttons-is-layout-flex\" style=\"justify-content: center; margin-top: 10px; margin-bottom: 30px;\">\n    \n    \n    <div class=\"wp-block-button\">\n      <a \n        class=\"wp-block-button__link wp-element-button\" \n        href=\"https:\/\/survey.joanneum.at\/index.php\/186828?lang=de\" \n        target=\"_blank\" \n        rel=\"noopener\"\n        style=\"background-color: #5b8fbf; color: white; padding: 10px 20px; border-radius: 6px;\">\n        <strong>Hier<\/strong>\n      <\/a>\n    <\/div>\n    \n\n  <\/div>\n  \n\n<\/div><\/div>","protected":false},"excerpt":{"rendered":"<p>Gestalten Sie die Zukunft der Biodiversit\u00e4t mit \u2013 direkt von Ihrem eigenen Garten aus! BIODIVERCITI ist ein mehrj\u00e4hriges Citizen-Science-Projekt, das untersucht, wie private G\u00e4rten die Biodiversit\u00e4t sch\u00fctzen k\u00f6nnen [\u2026]<\/p>","protected":false},"author":1,"featured_media":0,"parent":0,"menu_order":0,"comment_status":"closed","ping_status":"closed","template":"","meta":{"footnotes":""},"class_list":["post-155","page","type-page","status-publish","hentry"],"_links":{"self":[{"href":"https:\/\/biodiverciti.joanneum.at\/de\/wp-json\/wp\/v2\/pages\/155","targetHints":{"allow":["GET"]}}],"collection":[{"href":"https:\/\/biodiverciti.joanneum.at\/de\/wp-json\/wp\/v2\/pages"}],"about":[{"href":"https:\/\/biodiverciti.joanneum.at\/de\/wp-json\/wp\/v2\/types\/page"}],"author":[{"embeddable":true,"href":"https:\/\/biodiverciti.joanneum.at\/de\/wp-json\/wp\/v2\/users\/1"}],"replies":[{"embeddable":true,"href":"https:\/\/biodiverciti.joanneum.at\/de\/wp-json\/wp\/v2\/comments?post=155"}],"version-history":[{"count":0,"href":"https:\/\/biodiverciti.joanneum.at\/de\/wp-json\/wp\/v2\/pages\/155\/revisions"}],"wp:attachment":[{"href":"https:\/\/biodiverciti.joanneum.at\/de\/wp-json\/wp\/v2\/media?parent=155"}],"curies":[{"name":"wp","href":"https:\/\/api.w.org\/{rel}","templated":true}]}}