{"id":28,"date":"2021-12-14T10:47:44","date_gmt":"2021-12-14T09:47:44","guid":{"rendered":"https:\/\/buildbackbetter.joanneum.at\/?page_id=28"},"modified":"2025-07-18T08:19:53","modified_gmt":"2025-07-18T06:19:53","slug":"site-notice","status":"publish","type":"page","link":"https:\/\/biodiverciti.joanneum.at\/de\/site-notice\/","title":{"rendered":"Impressum"},"content":{"rendered":"<p><strong>JOANNEUM RESEARCH Forschungsgesellschaft mbH<\/strong><br>Leonhardstra\u00dfe 59, A-8010 Graz<br>Tel.: +43 316 876-0<br>Fax: +43 316 8769-1181<br><a>info@joanneum.at<\/a><\/p>\n\n\n\n<p>Eingetragen im Firmenbuch unter der Nr. FN 48282 d<br>Bezirksgericht f\u00fcr Zivilsachen Graz<br>Umsatzsteuer-Identifikationsnummer: ATU 28781306<br>DVR: 0494631<\/p>\n\n\n\n<p><strong>Inhalt der Website<\/strong><br>Vorstellung der JOANNEUM RESEARCH Forschungsgesellschaft mbH und ihrer Forschungsprojekte.<\/p>\n\n\n\n<p><strong>Haftung<\/strong><br>Alle Texte auf der Website wurden sorgf\u00e4ltig gepr\u00fcft. Dennoch kann f\u00fcr die Richtigkeit, Vollst\u00e4ndigkeit und Aktualit\u00e4t der Angaben keine Haftung \u00fcbernommen werden.<\/p>\n\n\n\n<p><strong>Copyright<\/strong><br>Alle Texte, Grafiken und Bilder unterliegen dem Urheberrecht, eine Verwendung ist nur mit ausdr\u00fccklicher Genehmigung zul\u00e4ssig.<\/p>\n\n\n\n<p><strong>Links<\/strong><br>Links auf diese Website \u2013 auch Deeplinks \u2013 sind willkommen. Die Einbindung des Hauptfensters in ein Frameset des Linksetzers ist jedoch nicht gestattet. Eigene Links auf fremde Websites stellen lediglich Hinweise auf diese Seiten dar. Der Herausgeber identifiziert sich nicht mit den Inhalten der verlinkten Seiten und \u00fcbernimmt daf\u00fcr keine Haftung. Sollten die verlinkten Seiten bedenkliche oder rechtswidrige Inhalte aufweisen, wird um Mitteilung gebeten; in einem solchen Fall wird der Link umgehend entfernt.<\/p>\n\n\n\n<p><strong><a href=\"https:\/\/www.joanneum.at\/en\/joanneum\/imprint\/dataprotection\">Datenschutzhinweise<\/a><\/strong><br>Die Website wurde im Rahmen des BIODIVERCITI-Projekts entwickelt.<\/p>","protected":false},"excerpt":{"rendered":"<p>JOANNEUM RESEARCH Forschungsgesellschaft mbHLeonhardstra\u00dfe 59, A-8010 GrazTel.: +43 316 876-0Fax: +43 316 8769-1181info@joanneum.at Eingetragen im Firmenbuch unter Nr. FN 48282 dAmtsgericht f\u00fcr [\u2026]<\/p>","protected":false},"author":1,"featured_media":0,"parent":0,"menu_order":0,"comment_status":"closed","ping_status":"closed","template":"","meta":{"footnotes":""},"class_list":["post-28","page","type-page","status-publish","hentry"],"_links":{"self":[{"href":"https:\/\/biodiverciti.joanneum.at\/de\/wp-json\/wp\/v2\/pages\/28","targetHints":{"allow":["GET"]}}],"collection":[{"href":"https:\/\/biodiverciti.joanneum.at\/de\/wp-json\/wp\/v2\/pages"}],"about":[{"href":"https:\/\/biodiverciti.joanneum.at\/de\/wp-json\/wp\/v2\/types\/page"}],"author":[{"embeddable":true,"href":"https:\/\/biodiverciti.joanneum.at\/de\/wp-json\/wp\/v2\/users\/1"}],"replies":[{"embeddable":true,"href":"https:\/\/biodiverciti.joanneum.at\/de\/wp-json\/wp\/v2\/comments?post=28"}],"version-history":[{"count":0,"href":"https:\/\/biodiverciti.joanneum.at\/de\/wp-json\/wp\/v2\/pages\/28\/revisions"}],"wp:attachment":[{"href":"https:\/\/biodiverciti.joanneum.at\/de\/wp-json\/wp\/v2\/media?parent=28"}],"curies":[{"name":"wp","href":"https:\/\/api.w.org\/{rel}","templated":true}]}}