{"id":47,"date":"2021-12-14T11:07:44","date_gmt":"2021-12-14T10:07:44","guid":{"rendered":"https:\/\/buildbackbetter.joanneum.at\/?page_id=47"},"modified":"2025-07-18T08:22:00","modified_gmt":"2025-07-18T06:22:00","slug":"partners","status":"publish","type":"page","link":"https:\/\/biodiverciti.joanneum.at\/de\/partners\/","title":{"rendered":"Partner"},"content":{"rendered":"<p>JOANNEUM RESEARCH Forschungsgesellschaft mbH, <a rel=\"noreferrer noopener\" href=\"https:\/\/www.joanneum.at\/life\/\" target=\"_blank\">LIFE Institut f\u00fcr Klima, Energie und Gesellschaft<\/a><\/p>\n\n\n\n<p>BOKU Universit\u00e4t f\u00fcr Bodenkultur Wien, <a href=\"https:\/\/boku.ac.at\/lawi\/ilap\" data-type=\"link\" data-id=\"https:\/\/boku.ac.at\/lawi\/ilap\">Institut f\u00fcr Landschaftsplanung<\/a><\/p>\n\n\n\n<p><a href=\"https:\/\/iiasa.ac.at\/\">Internationales Institut f\u00fcr angewandte Systemanalyse<\/a><\/p>\n\n\n\n<p><a href=\"https:\/\/naturschutzbund.at\/\">Naturschutzbund \u00d6sterreich<\/a><\/p>\n\n\n\n<p><\/p>","protected":false},"excerpt":{"rendered":"<p>JOANNEUM RESEARCH Forschungsgesellschaft mbH, LIFE Institut f\u00fcr Klima, Energie und Gesellschaft BOKU Universit\u00e4t f\u00fcr Bodenkultur Wien, Institut f\u00fcr Landschaftsplanung International [\u2026]<\/p>","protected":false},"author":1,"featured_media":0,"parent":0,"menu_order":0,"comment_status":"closed","ping_status":"closed","template":"","meta":{"footnotes":""},"class_list":["post-47","page","type-page","status-publish","hentry"],"_links":{"self":[{"href":"https:\/\/biodiverciti.joanneum.at\/de\/wp-json\/wp\/v2\/pages\/47","targetHints":{"allow":["GET"]}}],"collection":[{"href":"https:\/\/biodiverciti.joanneum.at\/de\/wp-json\/wp\/v2\/pages"}],"about":[{"href":"https:\/\/biodiverciti.joanneum.at\/de\/wp-json\/wp\/v2\/types\/page"}],"author":[{"embeddable":true,"href":"https:\/\/biodiverciti.joanneum.at\/de\/wp-json\/wp\/v2\/users\/1"}],"replies":[{"embeddable":true,"href":"https:\/\/biodiverciti.joanneum.at\/de\/wp-json\/wp\/v2\/comments?post=47"}],"version-history":[{"count":0,"href":"https:\/\/biodiverciti.joanneum.at\/de\/wp-json\/wp\/v2\/pages\/47\/revisions"}],"wp:attachment":[{"href":"https:\/\/biodiverciti.joanneum.at\/de\/wp-json\/wp\/v2\/media?parent=47"}],"curies":[{"name":"wp","href":"https:\/\/api.w.org\/{rel}","templated":true}]}}